{"id":838,"date":"2018-08-29T23:00:44","date_gmt":"2018-08-30T02:00:44","guid":{"rendered":"https:\/\/ens3a-caba.infd.edu.ar\/sitio\/constancias-tramites\/"},"modified":"2025-02-26T11:33:21","modified_gmt":"2025-02-26T14:33:21","slug":"constancias-tramites","status":"publish","type":"page","link":"https:\/\/ens3a-caba.infd.edu.ar\/sitio\/constancias-tramites\/","title":{"rendered":""},"content":{"rendered":"<p><a href=\"https:\/\/ens3a-caba.infd.edu.ar\/sitio\/wp-content\/uploads\/2022\/06\/Constancia_de_alumno_regular.pdf\">Alumno\/a regular<\/a><\/p>\n<p><img decoding=\"async\" loading=\"lazy\" class=\"aligncenter wp-image-2232 size-medium\" src=\"https:\/\/ens3a-caba.infd.edu.ar\/sitio\/wp-content\/uploads\/2025\/02\/20250226_112630-1000x605.jpg\" alt=\"\" width=\"1000\" height=\"605\" srcset=\"https:\/\/ens3a-caba.infd.edu.ar\/sitio\/wp-content\/uploads\/2025\/02\/20250226_112630-1000x605.jpg 1000w, https:\/\/ens3a-caba.infd.edu.ar\/sitio\/wp-content\/uploads\/2025\/02\/20250226_112630-1900x1149.jpg 1900w, https:\/\/ens3a-caba.infd.edu.ar\/sitio\/wp-content\/uploads\/2025\/02\/20250226_112630-768x464.jpg 768w, https:\/\/ens3a-caba.infd.edu.ar\/sitio\/wp-content\/uploads\/2025\/02\/20250226_112630-1536x929.jpg 1536w, https:\/\/ens3a-caba.infd.edu.ar\/sitio\/wp-content\/uploads\/2025\/02\/20250226_112630-2048x1238.jpg 2048w\" sizes=\"(max-width: 1000px) 100vw, 1000px\" \/><\/p>\n<p><a href=\"https:\/\/ens3a-caba.infd.edu.ar\/sitio\/wp-content\/uploads\/2022\/06\/Constancia_de_examen.pdf\">Constancia de examen<\/a><\/p>\n<p><a href=\"https:\/\/ens3a-caba.infd.edu.ar\/sitio\/wp-content\/uploads\/2022\/06\/constancia-general.pdf\">Constancia general<\/a><\/p>\n<p>Porcentaje: Debido al robo de las computadoras de la Bedel\u00eda donde estaba almacenada la base de datos desde la que les envi\u00e1bamos la ficha acad\u00e9mica, cambiamos el sistema de pedido de esta certificaci\u00f3n.<\/p>\n<ol>\n<li>Descarg\u00e1 e imprim\u00ed tu Historia acad\u00e9mica desde SIU Guaran\u00ed.<\/li>\n<li>Si conserv\u00e1s alguna Ficha acad\u00e9mica, acerc\u00e1 ambas cosas a la Bedel\u00eda. Sino, s\u00f3lo la Historia acad\u00e9mica.<\/li>\n<li>Al cabo de unos d\u00edas podr\u00e1s retirar tu Porcentaje sellado y firmado por las autoridades.<\/li>\n<\/ol>\n<h3 style=\"text-align: left;\"><span style=\"color: #ff00ff;\"><strong>Mails de contacto\u00a0<\/strong><\/span><\/h3>\n<div><b>Turno ma\u00f1ana<\/b><\/div>\n<div><a href=\"mailto:ens3bedeliatm@gmail.com\" target=\"_blank\" rel=\"noopener\">ens3bedeliatm@gmail.com<\/a><\/div>\n<div>\u00a0<\/div>\n<div><b>Turno tarde<\/b><\/div>\n<div><a href=\"mailto:ens3bedeliatt@gmail.com\" target=\"_blank\" rel=\"noopener\">ens3bedeliatt@gmail.com<\/a><\/div>\n<div>\u00a0<\/div>\n<div><b>Turno vespertino<\/b><\/div>\n<div><a href=\"mailto:ens3bedelialugano@gmail.com\" target=\"_blank\" rel=\"noopener\">ens3bedelialugano@gmail.com<\/a><\/div>\n<div>\u00a0<\/div>\n<div><br \/>\n<h2><strong>\u00bfC\u00f3mo escribir un mail?<\/strong><\/h2>\n<ol>\n<li>Abr\u00ed el servicio de mensajer\u00eda que utilices habitualmente.<\/li>\n<li>Detall\u00e1 la direcci\u00f3n de mail a qui\u00e9n te dirig\u00eds.<\/li>\n<li>Us\u00e1 el Asunto para clarar en qu\u00e9 carrera est\u00e1s cursando (lo pod\u00e9s abreviar como PEP, para el Profesorado de Educaci\u00f3n Primaria; o PEI, para el Profesorado de Educaci\u00f3n Inicial) y tu apellido. En el Asunto NO SE ESCRIBE EL DETALLE DE TU MENSAJE.<\/li>\n<li>Us\u00e1 el cuerpo del correo electr\u00f3nico para detallar cu\u00e1l es tu necesidad o duda. No te olvides de presentarte con tu nombre y apellido completo, tu n\u00famero de DNI y la carrera que est\u00e1s cursando. Esta informaci\u00f3n nos sirve para ayudarte mejor en la respuesta que te demos.<\/li>\n<\/ol>\n<p><img decoding=\"async\" loading=\"lazy\" class=\"alignnone size-medium wp-image-2228\" src=\"https:\/\/ens3a-caba.infd.edu.ar\/sitio\/wp-content\/uploads\/2025\/02\/un-mail-1000x563.jpg\" alt=\"\" width=\"1000\" height=\"563\" srcset=\"https:\/\/ens3a-caba.infd.edu.ar\/sitio\/wp-content\/uploads\/2025\/02\/un-mail-1000x563.jpg 1000w, https:\/\/ens3a-caba.infd.edu.ar\/sitio\/wp-content\/uploads\/2025\/02\/un-mail-1900x1069.jpg 1900w, https:\/\/ens3a-caba.infd.edu.ar\/sitio\/wp-content\/uploads\/2025\/02\/un-mail-768x432.jpg 768w, https:\/\/ens3a-caba.infd.edu.ar\/sitio\/wp-content\/uploads\/2025\/02\/un-mail-1536x864.jpg 1536w, https:\/\/ens3a-caba.infd.edu.ar\/sitio\/wp-content\/uploads\/2025\/02\/un-mail.jpg 1920w\" sizes=\"(max-width: 1000px) 100vw, 1000px\" \/><\/p>\n<\/div>\n\n\n<figure class=\"wp-block-gallery has-nested-images columns-default is-cropped wp-block-gallery-1 is-layout-flex\"><\/figure>\n","protected":false},"excerpt":{"rendered":"<p>Alumno\/a regular Constancia de examen Constancia general Porcentaje: Debido al robo de las computadoras de la Bedel\u00eda donde estaba almacenada la base de datos desde la que les envi\u00e1bamos la ficha acad\u00e9mica, cambiamos el sistema de pedido de esta certificaci\u00f3n. Descarg\u00e1 e imprim\u00ed tu Historia acad\u00e9mica desde SIU Guaran\u00ed. Si conserv\u00e1s alguna Ficha acad\u00e9mica, acerc\u00e1 &#8230; <a title=\"\" class=\"read-more\" href=\"https:\/\/ens3a-caba.infd.edu.ar\/sitio\/constancias-tramites\/\" aria-label=\"More on \">[+]<\/a><\/p>\n","protected":false},"author":7,"featured_media":0,"parent":0,"menu_order":0,"comment_status":"closed","ping_status":"closed","template":"","meta":[],"acf":[],"_links":{"self":[{"href":"https:\/\/ens3a-caba.infd.edu.ar\/sitio\/wp-json\/wp\/v2\/pages\/838"}],"collection":[{"href":"https:\/\/ens3a-caba.infd.edu.ar\/sitio\/wp-json\/wp\/v2\/pages"}],"about":[{"href":"https:\/\/ens3a-caba.infd.edu.ar\/sitio\/wp-json\/wp\/v2\/types\/page"}],"author":[{"embeddable":true,"href":"https:\/\/ens3a-caba.infd.edu.ar\/sitio\/wp-json\/wp\/v2\/users\/7"}],"replies":[{"embeddable":true,"href":"https:\/\/ens3a-caba.infd.edu.ar\/sitio\/wp-json\/wp\/v2\/comments?post=838"}],"version-history":[{"count":17,"href":"https:\/\/ens3a-caba.infd.edu.ar\/sitio\/wp-json\/wp\/v2\/pages\/838\/revisions"}],"predecessor-version":[{"id":2234,"href":"https:\/\/ens3a-caba.infd.edu.ar\/sitio\/wp-json\/wp\/v2\/pages\/838\/revisions\/2234"}],"wp:attachment":[{"href":"https:\/\/ens3a-caba.infd.edu.ar\/sitio\/wp-json\/wp\/v2\/media?parent=838"}],"curies":[{"name":"wp","href":"https:\/\/api.w.org\/{rel}","templated":true}]}}