{"id":789,"date":"2018-08-29T23:00:18","date_gmt":"2018-08-30T02:00:18","guid":{"rendered":"https:\/\/ens3a-caba.infd.edu.ar\/sitio\/profesorado-en-educacion-inicial\/"},"modified":"2022-06-07T09:25:41","modified_gmt":"2022-06-07T12:25:41","slug":"profesorado-en-educacion-inicial","status":"publish","type":"page","link":"https:\/\/ens3a-caba.infd.edu.ar\/sitio\/profesorado-en-educacion-inicial\/","title":{"rendered":"Profesorado en Educaci\u00f3n Inicial"},"content":{"rendered":"<p class=\"MsoNormal\" style=\"text-align: center; line-height: 150%; text-indent: -18pt; margin: 12pt 0cm 12pt 54pt; mso-list: l1 level3 lfo2; tab-stops: list 54.0pt;\"><a href=\"https:\/\/ens3a-caba.infd.edu.ar\/sitio\/wp-content\/uploads\/2022\/06\/Plan-de-Estudios-Aprobado-PEI-RES-N\u00b06626-09-MEGC-2009.pdf\"><strong style=\"mso-bidi-font-weight: normal;\"><span style=\"line-height: 150%; font-family: Tahoma; font-size: 11pt;\">Plan del Profesorado de Educaci\u00f3n Inicial (PEI)<\/span><\/strong><span style=\"line-height: 150%; font-family: Tahoma; font-size: 11pt;\">\u00a0<\/span><\/a><\/p>\n<p class=\"MsoNormal\" style=\"text-align: center; line-height: 150%; text-indent: -18pt; margin: 12pt 0cm 12pt 54pt; mso-list: l1 level3 lfo2; tab-stops: list 54.0pt;\"><span style=\"line-height: 150%; font-family: Tahoma; font-size: 11pt;\">Resoluci\u00f3n N\u00ba 6626 \u2013 2009<\/span><\/p>\n<p class=\"MsoNormal\" style=\"text-align: justify; line-height: 150%; text-indent: -18pt; margin: 12pt 0cm 12pt 18pt; mso-list: l1 level1 lfo2; tab-stops: list 18.0pt;\"><strong style=\"mso-bidi-font-weight: normal;\"><span style=\"text-decoration: underline;\"><span style=\"line-height: 150%; font-family: Tahoma; font-size: 11pt;\">Duraci\u00f3n<\/span><\/span><\/strong><span style=\"line-height: 150%; font-family: Tahoma; font-size: 11pt;\">:<span style=\"mso-spacerun: yes;\">\u00a0 <\/span>3900 horas c\u00e1tedra \u2013 4 a\u00f1os de duraci\u00f3n<\/span><\/p>\n<p class=\"MsoNormal\" style=\"text-align: justify; line-height: 150%; text-indent: -18pt; margin: 12pt 0cm 12pt 18pt; mso-list: l1 level1 lfo2; tab-stops: list 18.0pt;\"><strong style=\"mso-bidi-font-weight: normal;\"><span style=\"text-decoration: underline;\"><span style=\"line-height: 150%; font-family: Tahoma; font-size: 11pt;\">Campos de Formaci\u00f3n<\/span><\/span><\/strong><span style=\"line-height: 150%; font-family: Tahoma; font-size: 11pt;\">:<\/span><\/p>\n<p class=\"MsoNormal\" style=\"text-align: justify; line-height: 150%; text-indent: -18pt; margin: 12pt 0cm 12pt 54pt; mso-list: l2 level3 lfo3; tab-stops: list 54.0pt;\"><span style=\"line-height: 150%; font-family: Wingdings; font-size: 11pt; mso-bidi-font-family: Wingdings; mso-fareast-font-family: Wingdings;\"><span style=\"mso-list: Ignore;\">\u00a7<span style=\"font: 7pt 'Times New Roman';\">\u00a0\u00a0\u00a0\u00a0\u00a0\u00a0\u00a0\u00a0 <\/span><\/span><\/span><span style=\"line-height: 150%; font-family: Tahoma; font-size: 11pt;\">Campo de la Formaci\u00f3n General (CFG)<\/span><\/p>\n<p class=\"MsoNormal\" style=\"text-align: justify; line-height: 150%; text-indent: -18pt; margin: 12pt 0cm 12pt 54pt; mso-list: l2 level3 lfo3; tab-stops: list 54.0pt;\"><span style=\"line-height: 150%; font-family: Wingdings; font-size: 11pt; mso-bidi-font-family: Wingdings; mso-fareast-font-family: Wingdings;\"><span style=\"mso-list: Ignore;\">\u00a7<span style=\"font: 7pt 'Times New Roman';\">\u00a0\u00a0\u00a0\u00a0\u00a0\u00a0\u00a0\u00a0 <\/span><\/span><\/span><span style=\"line-height: 150%; font-family: Tahoma; font-size: 11pt;\">Campo de la Formaci\u00f3n Espec\u00edfica (CFE)<\/span><\/p>\n<p class=\"MsoNormal\" style=\"text-align: justify; line-height: 150%; text-indent: -18pt; margin: 12pt 0cm 12pt 54pt; mso-list: l2 level3 lfo3; tab-stops: list 54.0pt;\"><span style=\"line-height: 150%; font-family: Wingdings; font-size: 11pt; mso-bidi-font-family: Wingdings; mso-fareast-font-family: Wingdings;\"><span style=\"mso-list: Ignore;\">\u00a7<span style=\"font: 7pt 'Times New Roman';\">\u00a0\u00a0\u00a0\u00a0\u00a0\u00a0\u00a0\u00a0 <\/span><\/span><\/span><span style=\"line-height: 150%; font-family: Tahoma; font-size: 11pt;\">Campo de la Formaci\u00f3n en las Pr\u00e1cticas Docentes (CFPD)<\/span><\/p>\n<p class=\"MsoNormal\" style=\"text-align: justify; line-height: 150%; text-indent: -18pt; margin: 12pt 0cm 12pt 54pt; mso-list: l2 level3 lfo3; tab-stops: list 54.0pt;\"><span style=\"line-height: 150%; font-family: Wingdings; font-size: 11pt; mso-bidi-font-family: Wingdings; mso-fareast-font-family: Wingdings;\"><span style=\"mso-list: Ignore;\">\u00a7<span style=\"font: 7pt 'Times New Roman';\">\u00a0\u00a0\u00a0\u00a0\u00a0\u00a0\u00a0\u00a0 <\/span><\/span><\/span><span style=\"line-height: 150%; font-family: Tahoma; font-size: 11pt;\">Horas de Definici\u00f3n Institucional<\/span><\/p>\n<p class=\"MsoNormal\" style=\"text-align: justify; line-height: 150%; text-indent: -18pt; margin: 12pt 0cm 12pt 18pt; mso-list: l1 level1 lfo2; tab-stops: list 18.0pt;\"><strong style=\"mso-bidi-font-weight: normal;\"><span style=\"text-decoration: underline;\"><span style=\"line-height: 150%; font-family: Tahoma; font-size: 11pt;\">Unidades Curriculares:<\/span><\/span><\/strong><\/p>\n<p class=\"MsoNormal\" style=\"text-align: justify; line-height: 150%; text-indent: -18pt; margin: 12pt 0cm 12pt 54pt; mso-list: l2 level3 lfo3; tab-stops: list 54.0pt;\"><span style=\"line-height: 150%; font-family: Wingdings; font-size: 11pt; mso-bidi-font-family: Wingdings; mso-fareast-font-family: Wingdings;\"><span style=\"mso-list: Ignore;\">\u00a7<span style=\"font: 7pt 'Times New Roman';\">\u00a0\u00a0\u00a0\u00a0\u00a0\u00a0\u00a0\u00a0 <\/span><\/span><\/span><strong style=\"mso-bidi-font-weight: normal;\"><span style=\"line-height: 150%; font-family: Tahoma; font-size: 11pt;\">Asignatura<\/span><\/strong><span style=\"line-height: 150%; font-family: Tahoma; font-size: 11pt;\">: promoci\u00f3n o examen final<\/span><\/p>\n<p class=\"MsoNormal\" style=\"text-align: justify; line-height: 150%; text-indent: -18pt; margin: 12pt 0cm 12pt 54pt; mso-list: l2 level3 lfo3; tab-stops: list 54.0pt;\"><span style=\"line-height: 150%; font-family: Wingdings; font-size: 11pt; mso-bidi-font-family: Wingdings; mso-fareast-font-family: Wingdings;\"><span style=\"mso-list: Ignore;\">\u00a7<span style=\"font: 7pt 'Times New Roman';\">\u00a0\u00a0\u00a0\u00a0\u00a0\u00a0\u00a0\u00a0 <\/span><\/span><\/span><strong style=\"mso-bidi-font-weight: normal;\"><span style=\"line-height: 150%; font-family: Tahoma; font-size: 11pt;\">Seminario<\/span><\/strong><span style=\"line-height: 150%; font-family: Tahoma; font-size: 11pt;\">: Se acreditar\u00e1 mediante la producci\u00f3n y defensa de Trabajos finales.<\/span><\/p>\n<p class=\"MsoNormal\" style=\"text-align: justify; line-height: 150%; text-indent: -18pt; margin: 12pt 0cm 12pt 54pt; mso-list: l2 level3 lfo3; tab-stops: list 54.0pt;\"><span style=\"line-height: 150%; font-family: Wingdings; font-size: 11pt; mso-bidi-font-family: Wingdings; mso-fareast-font-family: Wingdings;\"><span style=\"mso-list: Ignore;\">\u00a7<span style=\"font: 7pt 'Times New Roman';\">\u00a0\u00a0\u00a0\u00a0\u00a0\u00a0\u00a0\u00a0 <\/span><\/span><\/span><strong style=\"mso-bidi-font-weight: normal;\"><span style=\"line-height: 150%; font-family: Tahoma; font-size: 11pt;\">Taller<\/span><\/strong><span style=\"line-height: 150%; font-family: Tahoma; font-size: 11pt;\">: se acreditar\u00e1 con presentaci\u00f3n de trabajos.<\/span><\/p>\n<p class=\"MsoNormal\" style=\"text-align: justify; line-height: 150%; text-indent: -18pt; margin: 12pt 0cm 12pt 54pt; mso-list: l2 level3 lfo3; tab-stops: list 54.0pt;\"><span style=\"line-height: 150%; font-family: Wingdings; font-size: 11pt; mso-bidi-font-family: Wingdings; mso-fareast-font-family: Wingdings;\"><span style=\"mso-list: Ignore;\">\u00a7<span style=\"font: 7pt 'Times New Roman';\">\u00a0\u00a0\u00a0\u00a0\u00a0\u00a0\u00a0\u00a0 <\/span><\/span><\/span><strong style=\"mso-bidi-font-weight: normal;\"><span style=\"line-height: 150%; font-family: Tahoma; font-size: 11pt;\">Trabajo de campo<\/span><\/strong><span style=\"line-height: 150%; font-family: Tahoma; font-size: 11pt;\">: Se acreditar\u00e1 mediante la producci\u00f3n y<span style=\"mso-spacerun: yes;\">\u00a0 <\/span>Presentaci\u00f3n p\u00fablica del trabajo realizado<\/span><\/p>\n<p class=\"MsoNormal\" style=\"text-align: justify; line-height: 150%; text-indent: -18pt; margin: 12pt 0cm 12pt 54pt; mso-list: l2 level3 lfo3; tab-stops: list 54.0pt;\"><span style=\"line-height: 150%; font-family: Wingdings; font-size: 11pt; mso-bidi-font-family: Wingdings; mso-fareast-font-family: Wingdings;\"><span style=\"mso-list: Ignore;\">\u00a7<span style=\"font: 7pt 'Times New Roman';\">\u00a0\u00a0\u00a0\u00a0\u00a0\u00a0\u00a0\u00a0 <\/span><\/span><\/span><strong style=\"mso-bidi-font-weight: normal;\"><span style=\"line-height: 150%; font-family: Tahoma; font-size: 11pt;\">Pr\u00e1cticas docentes<\/span><\/strong><span style=\"line-height: 150%; font-family: Tahoma; font-size: 11pt;\">: <\/span><\/p>\n<p class=\"MsoNormal\" style=\"text-align: justify; text-indent: -18pt; margin: 12pt 0cm 12pt 108pt; mso-list: l0 level3 lfo1; tab-stops: list 108.0pt;\"><span style=\"font-family: Wingdings; font-size: 11pt; mso-bidi-font-family: Wingdings; mso-fareast-font-family: Wingdings;\"><span style=\"mso-list: Ignore;\">\u00a7<span style=\"font: 7pt 'Times New Roman';\">\u00a0\u00a0\u00a0\u00a0\u00a0\u00a0\u00a0\u00a0 <\/span><\/span><\/span><span style=\"font-family: Tahoma; font-size: 11pt;\">Experiencias de campo<\/span><\/p>\n<p class=\"MsoNormal\" style=\"text-align: justify; text-indent: -18pt; margin: 12pt 0cm 12pt 108pt; mso-list: l0 level3 lfo1; tab-stops: list 108.0pt;\"><span style=\"font-family: Wingdings; font-size: 11pt; mso-bidi-font-family: Wingdings; mso-fareast-font-family: Wingdings;\"><span style=\"mso-list: Ignore;\">\u00a7<span style=\"font: 7pt 'Times New Roman';\">\u00a0\u00a0\u00a0\u00a0\u00a0\u00a0\u00a0\u00a0 <\/span><\/span><\/span><span style=\"font-family: Tahoma; font-size: 11pt;\">Pr\u00e1cticas de ense\u00f1anza <\/span><\/p>\n<p class=\"MsoNormal\" style=\"text-align: justify; text-indent: -18pt; margin: 12pt 0cm 12pt 108pt; mso-list: l0 level3 lfo1; tab-stops: list 108.0pt;\"><span style=\"font-family: Wingdings; font-size: 11pt; mso-bidi-font-family: Wingdings; mso-fareast-font-family: Wingdings;\"><span style=\"mso-list: Ignore;\">\u00a7<span style=\"font: 7pt 'Times New Roman';\">\u00a0\u00a0\u00a0\u00a0\u00a0\u00a0\u00a0\u00a0 <\/span><\/span><\/span><span style=\"font-family: Tahoma; font-size: 11pt;\">Residencia Pedag\u00f3gico<\/span><\/p>\n<p class=\"MsoNormal\" style=\"text-align: justify; line-height: 150%; text-indent: -18pt; margin: 12pt 0cm 12pt 54pt; mso-list: l2 level3 lfo3; tab-stops: list 54.0pt;\"><span style=\"line-height: 150%; font-family: Wingdings; font-size: 11pt; mso-bidi-font-family: Wingdings; mso-fareast-font-family: Wingdings;\"><span style=\"mso-list: Ignore;\">\u00a7<span style=\"font: 7pt 'Times New Roman';\">\u00a0\u00a0\u00a0\u00a0\u00a0\u00a0\u00a0\u00a0 <\/span><\/span><\/span><strong style=\"mso-bidi-font-weight: normal;\"><span style=\"line-height: 150%; font-family: Tahoma; font-size: 11pt;\">Trabajo aut\u00f3nomo de alumnos<\/span><\/strong><span style=\"line-height: 150%; font-family: Tahoma; font-size: 11pt;\">: son tareas que desarrollar\u00e1n los estudiantes en los seminarios y en el trabajo de campo.<\/span><\/p>\n<p style=\"text-align: center;\"><a href=\"https:\/\/ens3a-caba.infd.edu.ar\/sitio\/wp-content\/uploads\/2022\/06\/Plan-de-Estudios-Aprobado-PEI-RES-N\u00b0-2438-14-DGCLEI-2015.pdf\"><strong>Plan del Profesorado de Educaci\u00f3n Inicial (PEI)<\/strong><\/a><\/p>\n<p style=\"text-align: center;\">Resoluci\u00f3n N\u00ba 2438 &#8211; 2014<\/p>\n","protected":false},"excerpt":{"rendered":"<p>Plan del Profesorado de Educaci\u00f3n Inicial (PEI)\u00a0 Resoluci\u00f3n N\u00ba 6626 \u2013 2009 Duraci\u00f3n:\u00a0 3900 horas c\u00e1tedra \u2013 4 a\u00f1os de duraci\u00f3n Campos de Formaci\u00f3n: \u00a7\u00a0\u00a0\u00a0\u00a0\u00a0\u00a0\u00a0\u00a0 Campo de la Formaci\u00f3n General (CFG) \u00a7\u00a0\u00a0\u00a0\u00a0\u00a0\u00a0\u00a0\u00a0 Campo de la Formaci\u00f3n Espec\u00edfica (CFE) \u00a7\u00a0\u00a0\u00a0\u00a0\u00a0\u00a0\u00a0\u00a0 Campo de la Formaci\u00f3n en las Pr\u00e1cticas Docentes (CFPD) \u00a7\u00a0\u00a0\u00a0\u00a0\u00a0\u00a0\u00a0\u00a0 Horas de Definici\u00f3n Institucional Unidades Curriculares: &#8230; <a title=\"Profesorado en Educaci\u00f3n Inicial\" class=\"read-more\" href=\"https:\/\/ens3a-caba.infd.edu.ar\/sitio\/profesorado-en-educacion-inicial\/\" aria-label=\"More on Profesorado en Educaci\u00f3n Inicial\">[+]<\/a><\/p>\n","protected":false},"author":7,"featured_media":0,"parent":0,"menu_order":0,"comment_status":"closed","ping_status":"closed","template":"","meta":[],"acf":[],"_links":{"self":[{"href":"https:\/\/ens3a-caba.infd.edu.ar\/sitio\/wp-json\/wp\/v2\/pages\/789"}],"collection":[{"href":"https:\/\/ens3a-caba.infd.edu.ar\/sitio\/wp-json\/wp\/v2\/pages"}],"about":[{"href":"https:\/\/ens3a-caba.infd.edu.ar\/sitio\/wp-json\/wp\/v2\/types\/page"}],"author":[{"embeddable":true,"href":"https:\/\/ens3a-caba.infd.edu.ar\/sitio\/wp-json\/wp\/v2\/users\/7"}],"replies":[{"embeddable":true,"href":"https:\/\/ens3a-caba.infd.edu.ar\/sitio\/wp-json\/wp\/v2\/comments?post=789"}],"version-history":[{"count":1,"href":"https:\/\/ens3a-caba.infd.edu.ar\/sitio\/wp-json\/wp\/v2\/pages\/789\/revisions"}],"predecessor-version":[{"id":1668,"href":"https:\/\/ens3a-caba.infd.edu.ar\/sitio\/wp-json\/wp\/v2\/pages\/789\/revisions\/1668"}],"wp:attachment":[{"href":"https:\/\/ens3a-caba.infd.edu.ar\/sitio\/wp-json\/wp\/v2\/media?parent=789"}],"curies":[{"name":"wp","href":"https:\/\/api.w.org\/{rel}","templated":true}]}}