{"id":318,"date":"2016-10-31T14:20:44","date_gmt":"2016-10-31T17:20:44","guid":{"rendered":"https:\/\/ens3a-caba.infd.edu.ar\/sitio\/?page_id=318"},"modified":"2026-03-25T10:35:52","modified_gmt":"2026-03-25T13:35:52","slug":"contacto","status":"publish","type":"page","link":"https:\/\/ens3a-caba.infd.edu.ar\/sitio\/contacto\/","title":{"rendered":"CONTACTO"},"content":{"rendered":"<h2 style=\"text-align: left;\"><span style=\"color: #008000;\"><a href=\"https:\/\/www.instagram.com\/ens3.profesorado\/\">\u00a1Seguinos en Instagram!<\/a><\/span><\/h2>\n<h2 style=\"text-align: left;\"><strong>\u00bfC\u00f3mo escribir un mail?<\/strong><\/h2>\n<ol>\n<li>Abr\u00ed el servicio de mensajer\u00eda que utilices habitualmente.<\/li>\n<li>Detall\u00e1 la direcci\u00f3n de mail a qui\u00e9n te dirig\u00eds.<\/li>\n<li>Us\u00e1 el Asunto para clarar en qu\u00e9 carrera est\u00e1s cursando (lo pod\u00e9s abreviar como PEP, para el Profesorado de Educaci\u00f3n Primaria; o PEI, para el Profesorado de Educaci\u00f3n Inicial) y tu apellido. En el Asunto NO SE ESCRIBE EL DETALLE DE TU MENSAJE.<\/li>\n<li>Us\u00e1 el cuerpo del correo electr\u00f3nico para detallar cu\u00e1l es tu necesidad o duda. No te olvides de presentarte con tu nombre y apellido completo, tu n\u00famero de DNI y la carrera que est\u00e1s cursando. Esta informaci\u00f3n nos sirve para ayudarte mejor en la respuesta que te demos.<\/li>\n<\/ol>\n<p><img decoding=\"async\" loading=\"lazy\" class=\"alignnone size-medium wp-image-2228\" src=\"https:\/\/ens3a-caba.infd.edu.ar\/sitio\/wp-content\/uploads\/2025\/02\/un-mail-1000x563.jpg\" alt=\"\" width=\"1000\" height=\"563\" srcset=\"https:\/\/ens3a-caba.infd.edu.ar\/sitio\/wp-content\/uploads\/2025\/02\/un-mail-1000x563.jpg 1000w, https:\/\/ens3a-caba.infd.edu.ar\/sitio\/wp-content\/uploads\/2025\/02\/un-mail-1900x1069.jpg 1900w, https:\/\/ens3a-caba.infd.edu.ar\/sitio\/wp-content\/uploads\/2025\/02\/un-mail-768x432.jpg 768w, https:\/\/ens3a-caba.infd.edu.ar\/sitio\/wp-content\/uploads\/2025\/02\/un-mail-1536x864.jpg 1536w, https:\/\/ens3a-caba.infd.edu.ar\/sitio\/wp-content\/uploads\/2025\/02\/un-mail.jpg 1920w\" sizes=\"(max-width: 1000px) 100vw, 1000px\" \/><\/p>\n<h2 style=\"text-align: left;\"><span style=\"color: #000000;\">Nuestras v\u00edas de contacto<\/span><\/h2>\n<h2 style=\"text-align: left;\"><span style=\"color: #008000;\">Bedel\u00eda Turno ma\u00f1ana<\/span><br \/>\n<a href=\"mailto:ens3bedeliatm@gmail.com\" target=\"_blank\" rel=\"noopener\">ens3bedeliatm@gmail.com<\/a><\/h2>\n<h2 style=\"text-align: left;\"><span style=\"color: #008000;\">Bedel\u00eda Turno tarde<\/span><br \/>\n<a href=\"mailto:ens3bedeliatt@gmail.com\" target=\"_blank\" rel=\"noopener\">ens3bedeliatt@gmail.com<\/a><\/h2>\n<h2 style=\"text-align: left;\"><span style=\"color: #008000;\">Bedel\u00eda Turno vespertino<\/span><br \/>\n<a href=\"mailto:ens3bedelialugano@gmail.com\" target=\"_blank\" rel=\"noopener\">ens3bedelialugano@gmail.com<\/a><\/h2>\n<h2 style=\"text-align: left;\"><span style=\"color: #008000;\">Jefa de bedeles<\/span><\/h2>\n<h2 style=\"text-align: left;\"><a href=\"mailto:ens3_bedelia@bue.edu.ar\">ens3_bedelia@bue.edu.ar<\/a><\/h2>\n<h2 style=\"text-align: left;\"><span style=\"color: #008000;\">Prosecretar\u00eda<\/span><\/h2>\n<h2 style=\"text-align: left;\"><a href=\"mailto:ens3_ntprosecretaria@bue.edu.ar\" target=\"_blank\" rel=\"noopener\">ens3_ntprosecretaria<\/a><a href=\"mailto:juan.larco@bue.edu.ar\">@bue.edu.ar<\/a><\/h2>\n<h2 style=\"text-align: left;\"><span style=\"color: #008000;\">Facilitadoras t\u00e9cnicas<\/span><\/h2>\n<h2 style=\"text-align: left;\"><a href=\"mailto:mariab.supertino@bue.edu.ar\">july.gualteros@bue.edu.ar<\/a><\/h2>\n<h3 style=\"text-align: left;\"><a href=\"mailto:mariab.supertino@bue.edu.ar\">mariab.supertino@bue.edu.ar<\/a><\/h3>\n<p style=\"text-align: center;\"><a href=\"https:\/\/bit.ly\/campusvirtualens3\">En este enlace<\/a> tendr\u00e1n acceso a un formulario para dejar registro de aquellas necesidades que ocurran con respecto al uso del Campus Virtual. Tambi\u00e9n pueden pasar por la Bedel\u00eda y escribirlo en un cuaderno.<br \/>\n\u00a1Estamos en contacto!<\/p>\n","protected":false},"excerpt":{"rendered":"<p>\u00a1Seguinos en Instagram! \u00bfC\u00f3mo escribir un mail? Abr\u00ed el servicio de mensajer\u00eda que utilices habitualmente. Detall\u00e1 la direcci\u00f3n de mail a qui\u00e9n te dirig\u00eds. Us\u00e1 el Asunto para clarar en qu\u00e9 carrera est\u00e1s cursando (lo pod\u00e9s abreviar como PEP, para el Profesorado de Educaci\u00f3n Primaria; o PEI, para el Profesorado de Educaci\u00f3n Inicial) y tu &#8230; <a title=\"CONTACTO\" class=\"read-more\" href=\"https:\/\/ens3a-caba.infd.edu.ar\/sitio\/contacto\/\" aria-label=\"More on CONTACTO\">[+]<\/a><\/p>\n","protected":false},"author":1,"featured_media":0,"parent":0,"menu_order":0,"comment_status":"closed","ping_status":"closed","template":"","meta":[],"acf":[],"_links":{"self":[{"href":"https:\/\/ens3a-caba.infd.edu.ar\/sitio\/wp-json\/wp\/v2\/pages\/318"}],"collection":[{"href":"https:\/\/ens3a-caba.infd.edu.ar\/sitio\/wp-json\/wp\/v2\/pages"}],"about":[{"href":"https:\/\/ens3a-caba.infd.edu.ar\/sitio\/wp-json\/wp\/v2\/types\/page"}],"author":[{"embeddable":true,"href":"https:\/\/ens3a-caba.infd.edu.ar\/sitio\/wp-json\/wp\/v2\/users\/1"}],"replies":[{"embeddable":true,"href":"https:\/\/ens3a-caba.infd.edu.ar\/sitio\/wp-json\/wp\/v2\/comments?post=318"}],"version-history":[{"count":19,"href":"https:\/\/ens3a-caba.infd.edu.ar\/sitio\/wp-json\/wp\/v2\/pages\/318\/revisions"}],"predecessor-version":[{"id":2374,"href":"https:\/\/ens3a-caba.infd.edu.ar\/sitio\/wp-json\/wp\/v2\/pages\/318\/revisions\/2374"}],"wp:attachment":[{"href":"https:\/\/ens3a-caba.infd.edu.ar\/sitio\/wp-json\/wp\/v2\/media?parent=318"}],"curies":[{"name":"wp","href":"https:\/\/api.w.org\/{rel}","templated":true}]}}