{"id":2124,"date":"2024-04-09T12:16:55","date_gmt":"2024-04-09T15:16:55","guid":{"rendered":"https:\/\/ens3a-caba.infd.edu.ar\/sitio\/?page_id=2124"},"modified":"2025-05-13T09:57:34","modified_gmt":"2025-05-13T12:57:34","slug":"libreta","status":"publish","type":"page","link":"https:\/\/ens3a-caba.infd.edu.ar\/sitio\/libreta\/","title":{"rendered":"Libreta"},"content":{"rendered":"\n<p>La libreta es un documento de registro personal. Es necesaria para presentarse a rendir ex\u00e1menes finales y para votar en las elecciones institucionales. <\/p>\n\n\n\n<p>La pod\u00e9s comprar en la Bedel\u00eda por $5000 en efectivo. Es condici\u00f3n para venderte la libreta que hayas entregado la constancia de t\u00edtulo en tr\u00e1mite o tu t\u00edtulo de Secundaria legalizado. Ten\u00e9s tiempo de hacerlo hasta el 31 de mayo. <\/p>\n\n\n\n<p><br>Como todo documento, los datos no pueden estar tachados ni enmendados. Us\u00e1 tinta azul para completarla, seg\u00fan la imagen aqu\u00ed abajo. <\/p>\n\n\n\n<figure class=\"wp-block-image size-full is-resized\"><img decoding=\"async\" loading=\"lazy\" src=\"https:\/\/ens3a-caba.infd.edu.ar\/sitio\/wp-content\/uploads\/2024\/04\/libreta.png\" alt=\"\" class=\"wp-image-2128\" width=\"494\" height=\"333\" srcset=\"https:\/\/ens3a-caba.infd.edu.ar\/sitio\/wp-content\/uploads\/2024\/04\/libreta.png 1008w, https:\/\/ens3a-caba.infd.edu.ar\/sitio\/wp-content\/uploads\/2024\/04\/libreta-1000x675.png 1000w, https:\/\/ens3a-caba.infd.edu.ar\/sitio\/wp-content\/uploads\/2024\/04\/libreta-768x518.png 768w\" sizes=\"(max-width: 494px) 100vw, 494px\" \/><\/figure>\n\n\n\n<figure class=\"wp-block-image size-full is-resized\"><img decoding=\"async\" loading=\"lazy\" src=\"https:\/\/ens3a-caba.infd.edu.ar\/sitio\/wp-content\/uploads\/2024\/04\/libreta-1.png\" alt=\"\" class=\"wp-image-2129\" width=\"491\" height=\"378\" srcset=\"https:\/\/ens3a-caba.infd.edu.ar\/sitio\/wp-content\/uploads\/2024\/04\/libreta-1.png 1011w, https:\/\/ens3a-caba.infd.edu.ar\/sitio\/wp-content\/uploads\/2024\/04\/libreta-1-1000x770.png 1000w, https:\/\/ens3a-caba.infd.edu.ar\/sitio\/wp-content\/uploads\/2024\/04\/libreta-1-768x591.png 768w\" sizes=\"(max-width: 491px) 100vw, 491px\" \/><\/figure>\n\n\n\n<p>Dej\u00e1 la libreta en Bedel\u00eda nuevamente para ser sellada y firmada por las autoridades correspondientes.<\/p>\n","protected":false},"excerpt":{"rendered":"<p>La libreta es un documento de registro personal. Es necesaria para presentarse a rendir ex\u00e1menes finales y para votar en las elecciones institucionales. La pod\u00e9s comprar en la Bedel\u00eda por $5000 en efectivo. Es condici\u00f3n para venderte la libreta que hayas entregado la constancia de t\u00edtulo en tr\u00e1mite o tu t\u00edtulo de Secundaria legalizado. Ten\u00e9s &#8230; <a title=\"Libreta\" class=\"read-more\" href=\"https:\/\/ens3a-caba.infd.edu.ar\/sitio\/libreta\/\" aria-label=\"More on Libreta\">[+]<\/a><\/p>\n","protected":false},"author":3576,"featured_media":0,"parent":0,"menu_order":0,"comment_status":"closed","ping_status":"closed","template":"","meta":[],"acf":[],"_links":{"self":[{"href":"https:\/\/ens3a-caba.infd.edu.ar\/sitio\/wp-json\/wp\/v2\/pages\/2124"}],"collection":[{"href":"https:\/\/ens3a-caba.infd.edu.ar\/sitio\/wp-json\/wp\/v2\/pages"}],"about":[{"href":"https:\/\/ens3a-caba.infd.edu.ar\/sitio\/wp-json\/wp\/v2\/types\/page"}],"author":[{"embeddable":true,"href":"https:\/\/ens3a-caba.infd.edu.ar\/sitio\/wp-json\/wp\/v2\/users\/3576"}],"replies":[{"embeddable":true,"href":"https:\/\/ens3a-caba.infd.edu.ar\/sitio\/wp-json\/wp\/v2\/comments?post=2124"}],"version-history":[{"count":4,"href":"https:\/\/ens3a-caba.infd.edu.ar\/sitio\/wp-json\/wp\/v2\/pages\/2124\/revisions"}],"predecessor-version":[{"id":2245,"href":"https:\/\/ens3a-caba.infd.edu.ar\/sitio\/wp-json\/wp\/v2\/pages\/2124\/revisions\/2245"}],"wp:attachment":[{"href":"https:\/\/ens3a-caba.infd.edu.ar\/sitio\/wp-json\/wp\/v2\/media?parent=2124"}],"curies":[{"name":"wp","href":"https:\/\/api.w.org\/{rel}","templated":true}]}}