{"id":1996,"date":"2023-06-28T13:31:07","date_gmt":"2023-06-28T16:31:07","guid":{"rendered":"https:\/\/ens3a-caba.infd.edu.ar\/sitio\/?page_id=1996"},"modified":"2025-12-02T09:16:12","modified_gmt":"2025-12-02T12:16:12","slug":"acreditacion-de-nuevas-tecnologias","status":"publish","type":"page","link":"https:\/\/ens3a-caba.infd.edu.ar\/sitio\/acreditacion-de-nuevas-tecnologias\/","title":{"rendered":"Acreditaci\u00f3n de Nuevas Tecnolog\u00edas"},"content":{"rendered":"\n<p>Tal como hemos acordado en la reuni\u00f3n de Consejo Directivo con fecha 28 de agosto de 2025, durante las mesas de ex\u00e1menes de Diciembre se habilitar\u00e1 la posibilidad de la&nbsp;<strong>ACREDITACI\u00d3N&nbsp;<\/strong>del Taller:&nbsp;<em>\u201cNuevas Tecnolog\u00edas\u201d<\/em>.<\/p>\n\n\n\n<p>Para la acreditaci\u00f3n del mismo ser\u00e1 condici\u00f3n cumplir con las siguientes instancias:<\/p>\n\n\n\n<p>1-&nbsp;&nbsp;&nbsp;&nbsp;&nbsp;&nbsp;Cumplir antes del 1\/12\/2025 con las consignas que se detallan en el&nbsp;<a href=\"https:\/\/ens3a-caba.infd.edu.ar\/sitio\/wp-content\/uploads\/2025\/11\/TRABAJO-DE-ACREDITACION-Taller-de-Nuevas-Tecnologias-1.pdf\" target=\"_blank\" rel=\"noreferrer noopener\">DOCUMENTO DE ACREDITACI\u00d3N DE&nbsp;NUEVAS TECNOLOG\u00cdAS<\/a>&nbsp;y enviarlo a los siguientes correos:&nbsp;<a href=\"mailto:mariab.supertino@bue.edu.ar\">mariab.supertino@bue.edu.ar<\/a>&nbsp;y&nbsp;<a href=\"mailto:norma.chamorro@bue.edu.ar\">norma.chamorro@bue.edu.ar<\/a><\/p>\n\n\n\n<p>2-&nbsp;&nbsp;&nbsp;&nbsp;&nbsp;&nbsp;Aprobar con 7 (siete) la actividad elegida entre las propuestas en dicho documento. Se informar\u00e1 por correo electr\u00f3nico a cada estudiante.<\/p>\n\n\n\n<p>3-\u00a0\u00a0\u00a0\u00a0\u00a0\u00a0Inscribirse a\u00a0Nuevas Tecnolog\u00edas\u00a0en las fechas de inscripciones a finales de Diciembre en la condici\u00f3n LIBRE.<\/p>\n\n\n\n<p><em>Turno Ma\u00f1ana: Viernes 12\/12, 8:10 hs. Prof. Chamorro&nbsp;<strong>(CHAMORRO TM)<\/strong><\/em><\/p>\n\n\n\n<p><em>Turno Tarde: Mi\u00e9rcoles 10\/12, 13:00 hs, Prof. Supertino&nbsp;<strong>(SUPERTINO TT)<\/strong><\/em><\/p>\n\n\n\n<p><em>Turno Vespertino: Martes 09\/12, 18:30 hs, Prof. Chamorro&nbsp;<strong>(CHAMORRO TV)<\/strong><\/em><\/p>\n\n\n\n<p>Al momento de inscribirse en el SIU deber\u00e1n seleccionar la opci\u00f3n correspondiente a&nbsp;<strong><em>\u201cLIBRE\u201d.<\/em><\/strong><\/p>\n\n\n\n<p>4-&nbsp;&nbsp;&nbsp;&nbsp;&nbsp;&nbsp;Asistir el d\u00eda correspondiente para realizar la defensa y coloquio del trabajo presentado.<\/p>\n\n\n\n<p>Una vez cumplidas y aprobadas dichas instancias, se dar\u00e1 por acreditado el espacio curricular.<\/p>\n\n\n\n<p>Cualquier inquietud contactarse&nbsp; con la coordinaci\u00f3n del Campo de la Formaci\u00f3n General:&nbsp;<a href=\"mailto:coordinacioncfgens3@gmail.com\">coordinacioncfgens3@gmail.com<\/a>&nbsp;o con los correos de las profesoras anteriormente detallados.<\/p>\n","protected":false},"excerpt":{"rendered":"<p>Tal como hemos acordado en la reuni\u00f3n de Consejo Directivo con fecha 28 de agosto de 2025, durante las mesas de ex\u00e1menes de Diciembre se habilitar\u00e1 la posibilidad de la&nbsp;ACREDITACI\u00d3N&nbsp;del Taller:&nbsp;\u201cNuevas Tecnolog\u00edas\u201d. Para la acreditaci\u00f3n del mismo ser\u00e1 condici\u00f3n cumplir con las siguientes instancias: 1-&nbsp;&nbsp;&nbsp;&nbsp;&nbsp;&nbsp;Cumplir antes del 1\/12\/2025 con las consignas que se detallan en &#8230; <a title=\"Acreditaci\u00f3n de Nuevas Tecnolog\u00edas\" class=\"read-more\" href=\"https:\/\/ens3a-caba.infd.edu.ar\/sitio\/acreditacion-de-nuevas-tecnologias\/\" aria-label=\"More on Acreditaci\u00f3n de Nuevas Tecnolog\u00edas\">[+]<\/a><\/p>\n","protected":false},"author":3576,"featured_media":0,"parent":0,"menu_order":0,"comment_status":"closed","ping_status":"closed","template":"","meta":[],"acf":[],"_links":{"self":[{"href":"https:\/\/ens3a-caba.infd.edu.ar\/sitio\/wp-json\/wp\/v2\/pages\/1996"}],"collection":[{"href":"https:\/\/ens3a-caba.infd.edu.ar\/sitio\/wp-json\/wp\/v2\/pages"}],"about":[{"href":"https:\/\/ens3a-caba.infd.edu.ar\/sitio\/wp-json\/wp\/v2\/types\/page"}],"author":[{"embeddable":true,"href":"https:\/\/ens3a-caba.infd.edu.ar\/sitio\/wp-json\/wp\/v2\/users\/3576"}],"replies":[{"embeddable":true,"href":"https:\/\/ens3a-caba.infd.edu.ar\/sitio\/wp-json\/wp\/v2\/comments?post=1996"}],"version-history":[{"count":8,"href":"https:\/\/ens3a-caba.infd.edu.ar\/sitio\/wp-json\/wp\/v2\/pages\/1996\/revisions"}],"predecessor-version":[{"id":2325,"href":"https:\/\/ens3a-caba.infd.edu.ar\/sitio\/wp-json\/wp\/v2\/pages\/1996\/revisions\/2325"}],"wp:attachment":[{"href":"https:\/\/ens3a-caba.infd.edu.ar\/sitio\/wp-json\/wp\/v2\/media?parent=1996"}],"curies":[{"name":"wp","href":"https:\/\/api.w.org\/{rel}","templated":true}]}}