{"id":1672,"date":"2022-06-07T09:52:21","date_gmt":"2022-06-07T12:52:21","guid":{"rendered":"https:\/\/ens3a-caba.infd.edu.ar\/sitio\/?page_id=1672"},"modified":"2025-10-06T13:32:00","modified_gmt":"2025-10-06T16:32:00","slug":"siu-guarani","status":"publish","type":"page","link":"https:\/\/ens3a-caba.infd.edu.ar\/sitio\/siu-guarani\/","title":{"rendered":"SIU Guaran\u00ed"},"content":{"rendered":"\n<p><a href=\"https:\/\/guarani-autogestionfdocente.bue.edu.ar\/\">SIU ENS 3<\/a> <\/p>\n\n\n\n<p><a href=\"https:\/\/guarani-autogestionfdocente.bue.edu.ar\/preinscripcion\/caba\/\" target=\"_blank\" rel=\"noreferrer noopener\">SIU ENS 3 para Ingresantes 2026<\/a><\/p>\n\n\n\n<p><a href=\"https:\/\/ens3a-caba.infd.edu.ar\/sitio\/wp-content\/uploads\/2022\/10\/1-INSTRUCTIVO-DE-PREINSCRIPCION-ASPIRANTES.pdf\" target=\"_blank\" rel=\"noreferrer noopener\">Instructivo de aspirantes a preinscripci\u00f3n &#8211; Ingresantes 2026<\/a><\/p>\n\n\n\n<p><a href=\"https:\/\/youtu.be\/84tBkjH2lqY\">Tutorial autoguiado para registrarte en SIU Guaran\u00ed por primera vez<\/a><\/p>\n\n\n\n<p><a href=\"https:\/\/youtu.be\/poHHYGElaaQ\">Tutorial autoguiado para hacer tu preinscripci\u00f3n online a los profesorados<\/a><\/p>\n\n\n\n<p><a href=\"https:\/\/youtu.be\/4sPSPTAss8E\">Docentes: Tutorial para carga de notas de cursada<\/a><\/p>\n\n\n\n<p><a href=\"https:\/\/drive.google.com\/file\/d\/1gZ3nOjVFbi3N997aOGzgQay9GC0okyYa\/view?usp=sharing\">Instructivo de acceso al sistema &#8211; m\u00f3dulo autogesti\u00f3n<\/a><\/p>\n\n\n\n<p><a href=\"https:\/\/ens3a-caba.infd.edu.ar\/sitio\/wp-content\/uploads\/2022\/06\/INSTRUCTIVO-DE-INSCRIPCION-A-MATERIAS-AUTOGESTION-ESTUDIANTES.pdf\">Instructivo de inscripci\u00f3n a materias &#8211; autogesti\u00f3n estudiantes<\/a><\/p>\n\n\n\n<p><a href=\"https:\/\/ens3a-caba.infd.edu.ar\/sitio\/wp-content\/uploads\/2022\/06\/INSTRUCTIVO-DE-INSCRIPCION-A-EXAMENES-AUTOGESTION-ESTUDIANTES.pdf\">Instructivo de inscripci\u00f3n a ex\u00e1menes &#8211; autogesti\u00f3n estudiantes<\/a><\/p>\n\n\n\n<p><a href=\"https:\/\/drive.google.com\/file\/d\/1lFqsL0XWXbRa-gTxc9Dzhv6wTY_aYlZN\/view?usp=sharing\">Mesa de ayuda<\/a><\/p>\n\n\n\n<p><\/p>\n","protected":false},"excerpt":{"rendered":"<p>SIU ENS 3 SIU ENS 3 para Ingresantes 2026 Instructivo de aspirantes a preinscripci\u00f3n &#8211; Ingresantes 2026 Tutorial autoguiado para registrarte en SIU Guaran\u00ed por primera vez Tutorial autoguiado para hacer tu preinscripci\u00f3n online a los profesorados Docentes: Tutorial para carga de notas de cursada Instructivo de acceso al sistema &#8211; m\u00f3dulo autogesti\u00f3n Instructivo de &#8230; <a title=\"SIU Guaran\u00ed\" class=\"read-more\" href=\"https:\/\/ens3a-caba.infd.edu.ar\/sitio\/siu-guarani\/\" aria-label=\"More on SIU Guaran\u00ed\">[+]<\/a><\/p>\n","protected":false},"author":3576,"featured_media":0,"parent":0,"menu_order":0,"comment_status":"closed","ping_status":"closed","template":"","meta":[],"acf":[],"_links":{"self":[{"href":"https:\/\/ens3a-caba.infd.edu.ar\/sitio\/wp-json\/wp\/v2\/pages\/1672"}],"collection":[{"href":"https:\/\/ens3a-caba.infd.edu.ar\/sitio\/wp-json\/wp\/v2\/pages"}],"about":[{"href":"https:\/\/ens3a-caba.infd.edu.ar\/sitio\/wp-json\/wp\/v2\/types\/page"}],"author":[{"embeddable":true,"href":"https:\/\/ens3a-caba.infd.edu.ar\/sitio\/wp-json\/wp\/v2\/users\/3576"}],"replies":[{"embeddable":true,"href":"https:\/\/ens3a-caba.infd.edu.ar\/sitio\/wp-json\/wp\/v2\/comments?post=1672"}],"version-history":[{"count":16,"href":"https:\/\/ens3a-caba.infd.edu.ar\/sitio\/wp-json\/wp\/v2\/pages\/1672\/revisions"}],"predecessor-version":[{"id":2307,"href":"https:\/\/ens3a-caba.infd.edu.ar\/sitio\/wp-json\/wp\/v2\/pages\/1672\/revisions\/2307"}],"wp:attachment":[{"href":"https:\/\/ens3a-caba.infd.edu.ar\/sitio\/wp-json\/wp\/v2\/media?parent=1672"}],"curies":[{"name":"wp","href":"https:\/\/api.w.org\/{rel}","templated":true}]}}