{"id":1599,"date":"2022-06-01T10:28:36","date_gmt":"2022-06-01T13:28:36","guid":{"rendered":"https:\/\/ens3a-caba.infd.edu.ar\/sitio\/?page_id=1599"},"modified":"2025-12-09T09:38:41","modified_gmt":"2025-12-09T12:38:41","slug":"cooperadora","status":"publish","type":"page","link":"https:\/\/ens3a-caba.infd.edu.ar\/sitio\/cooperadora\/","title":{"rendered":"COOPERADORA"},"content":{"rendered":"\n<p>La ENS 3, como todas las instituciones p\u00fablicas, cuenta con una cooperadora escolar que se sostiene con el aportes de los y las alumnas.<\/p>\n\n\n\n<p>Esto nos permite incrementar los insumos de Bedel\u00eda, ampliar el corpus de la biblioteca e incorporar nuevos materiales y recursos. S\u00d3LO PUEDE SER POSIBLE SI CONTAMOS CON TU COLABORACI\u00d3N.<\/p>\n\n\n\n<p>La cuota anual de cooperadora es de $20.000. <\/p>\n\n\n\n<p>Mensual: $2000. <\/p>\n\n\n\n<p>Montos menores como colaboraci\u00f3n tambi\u00e9n cuentan. <\/p>\n\n\n\n<p>Siempre soliciten su recibo de cobranza por cualquier monto.<\/p>\n\n\n\n<p>LO IMPORTANTE ES QUE SEPAS QUE TU CONTRIBUCI\u00d3N ES NECESARIA Y SER\u00c1 AGRADECIDA.<\/p>\n","protected":false},"excerpt":{"rendered":"<p>La ENS 3, como todas las instituciones p\u00fablicas, cuenta con una cooperadora escolar que se sostiene con el aportes de los y las alumnas. Esto nos permite incrementar los insumos de Bedel\u00eda, ampliar el corpus de la biblioteca e incorporar nuevos materiales y recursos. S\u00d3LO PUEDE SER POSIBLE SI CONTAMOS CON TU COLABORACI\u00d3N. La cuota &#8230; <a title=\"COOPERADORA\" class=\"read-more\" href=\"https:\/\/ens3a-caba.infd.edu.ar\/sitio\/cooperadora\/\" aria-label=\"More on COOPERADORA\">[+]<\/a><\/p>\n","protected":false},"author":3576,"featured_media":0,"parent":0,"menu_order":0,"comment_status":"closed","ping_status":"closed","template":"","meta":[],"acf":[],"_links":{"self":[{"href":"https:\/\/ens3a-caba.infd.edu.ar\/sitio\/wp-json\/wp\/v2\/pages\/1599"}],"collection":[{"href":"https:\/\/ens3a-caba.infd.edu.ar\/sitio\/wp-json\/wp\/v2\/pages"}],"about":[{"href":"https:\/\/ens3a-caba.infd.edu.ar\/sitio\/wp-json\/wp\/v2\/types\/page"}],"author":[{"embeddable":true,"href":"https:\/\/ens3a-caba.infd.edu.ar\/sitio\/wp-json\/wp\/v2\/users\/3576"}],"replies":[{"embeddable":true,"href":"https:\/\/ens3a-caba.infd.edu.ar\/sitio\/wp-json\/wp\/v2\/comments?post=1599"}],"version-history":[{"count":7,"href":"https:\/\/ens3a-caba.infd.edu.ar\/sitio\/wp-json\/wp\/v2\/pages\/1599\/revisions"}],"predecessor-version":[{"id":2328,"href":"https:\/\/ens3a-caba.infd.edu.ar\/sitio\/wp-json\/wp\/v2\/pages\/1599\/revisions\/2328"}],"wp:attachment":[{"href":"https:\/\/ens3a-caba.infd.edu.ar\/sitio\/wp-json\/wp\/v2\/media?parent=1599"}],"curies":[{"name":"wp","href":"https:\/\/api.w.org\/{rel}","templated":true}]}}