{"id":1121,"date":"2019-08-26T11:10:22","date_gmt":"2019-08-26T14:10:22","guid":{"rendered":"https:\/\/ens3a-caba.infd.edu.ar\/sitio\/?page_id=1121"},"modified":"2026-02-13T10:15:30","modified_gmt":"2026-02-13T13:15:30","slug":"ingresantes-2020","status":"publish","type":"page","link":"https:\/\/ens3a-caba.infd.edu.ar\/sitio\/ingresantes-2020\/","title":{"rendered":"Ingresantes 2026"},"content":{"rendered":"\n<p>Desde el martes 9 de diuciembre iniciar\u00e1 la pre inscripci\u00f3n online complementaria para estudiar en los Profesorados de nuestra ciudad para empezar a cursar en el 1\u00b0 cuatrimestre 2026. Ser\u00e1 hasta el 19 de diciembre de 2025. Retomamos la validaci\u00f3n desde el lunes 9 de febrero hasta el viernes 20 de febrero. Te contamos c\u00f3mo realizarla. <\/p>\n\n\n\n<ol>\n<li><a href=\"https:\/\/guarani-autogestionfdocente.bue.edu.ar\/preinscripcion\/caba\/acceso\">Hac\u00e9 tu pre inscripci\u00f3n online desde este enlace.<\/a> <a href=\"https:\/\/www.youtube.com\/watch?v=84tBkjH2lqY\">En este tutorial te contamos c\u00f3mo registrarte en SIU Guaran\u00ed por primera vez.<\/a> <a href=\"https:\/\/www.youtube.com\/watch?v=poHHYGElaaQ\">Aqu\u00ed pod\u00e9s ver el paso a paso para guiarte a completar la preinscripci\u00f3n online<\/a>. Record\u00e1 subir a la plataforma toda la documentaci\u00f3n requerida. Si vas a tomar fotograf\u00edas, que est\u00e9n en foco. Record\u00e1 que DNI y t\u00edtulo tiene que estar frente y dorso en el mismo documento. No hay tal actividad diagn\u00f3stica para completar. No olvides hacer captura de pantalla de <a rel=\"noreferrer noopener\" href=\"https:\/\/docs.google.com\/forms\/d\/e\/1FAIpQLSfplYjudBMYKyD91hOrW_ZEhHHC-7kWGxZm7MOvVk6OeDTb7w\/viewform\" target=\"_blank\">la encuesta<\/a> que el sistema te pides que realices. Es un documento que en la validaci\u00f3n presencial deber\u00e1s enviar por mail. Una vez finalizada la pre inscripci\u00f3n online, imprim\u00ed el formulario que descargues.<\/li>\n<\/ol>\n\n\n\n<p><strong>Horarios de cursada:<\/strong><\/p>\n\n\n\n<p>Turno ma\u00f1ana: de 8.10 a 10.10 y de 10.20 a 12.20<\/p>\n\n\n\n<p>Turno tarde: de 13 a 15 y de 15.10 a 17.10<\/p>\n\n\n\n<p>Turno vespertino: de 17.30 a 19.30 y de 19.40 a 21.40<\/p>\n\n\n\n<p>     2. Acercate presencialmente al profesorado a validar tu inscripci\u00f3n. <a rel=\"noreferrer noopener\" href=\"https:\/\/share.google\/WMNevSySFwAsHozK2\" target=\"_blank\">Estamos ac\u00e1.<\/a> <strong>ATENCI\u00d3N:<\/strong> El Profesorado de Inicial no tiene vacantes en sede Lugano. Pod\u00e9s elegir sede San Telmo.<\/p>\n\n\n\n<p>Se asegura la vacante por orden de llegada. Por lo tanto no demores en venir presencialmente a entregar la documentaci\u00f3n en papel.<\/p>\n\n\n\n<p><strong>Horario<\/strong> <strong>de Bedel\u00eda<\/strong><\/p>\n\n\n\n<p>Turno ma\u00f1ana: de 10 a 12 hs<\/p>\n\n\n\n<p>Turno tarde: 13 a 15 hs<\/p>\n\n\n\n<p>Turno vespertino: 18 a 20 hs<\/p>\n\n\n\n<p>Pod\u00e9s venir en el turno que te quede m\u00e1s c\u00f3modo, m\u00e1s all\u00e1 del turno en que quieras cursar.<\/p>\n\n\n\n<p>3. Si ya te inscribiste en alguna ocasi\u00f3n a los Profesorados de nuestra Ciudad y ten\u00e9s usuario SIU Guaran\u00ed, NO REALICES UN NUEVO USUARIO. Hac\u00e9 la inscripci\u00f3n directamente <a href=\"https:\/\/guarani-autogestionfdocente.bue.edu.ar\/\">desde el sistema<\/a>. Si olvidaste la contrase\u00f1a de acceso, la recuper\u00e1s con el correo electr\u00f3nico que tengas registrado. Si ten\u00e9s inconvenientes, llamanos por tel\u00e9fono o acercate de manera presencial. <\/p>\n\n\n\n<p><\/p>\n\n\n\n<p><strong>\u00bfQu\u00e9 documentaci\u00f3n necesit\u00e1s presentar para completar la inscripci\u00f3n?<\/strong><\/p>\n\n\n\n<ul>\n<li>Impresi\u00f3n de la preinscripci\u00f3n online.<\/li>\n\n\n\n<li>Original y fotocopia de DNI.<\/li>\n\n\n\n<li>Original y fotocopia de t\u00edtulo secundario legalizado por el GCBA o t\u00edtulo convalidado por el Ministerio de Educaci\u00f3n de la Naci\u00f3n, en caso de aspirantes extranjeros; constancia de t\u00edtulo en tr\u00e1mite; o certificado de estudiante regular. Si tu t\u00edtulo es digital, descargalo e imprimilo. <\/li>\n\n\n\n<li>Carpeta de 3 solapas color (sin el\u00e1stico ni plastificada)<\/li>\n\n\n\n<li>2 fotos tama\u00f1o 4&#215;4.<\/li>\n<\/ul>\n\n\n\n<p><\/p>\n","protected":false},"excerpt":{"rendered":"<p>Desde el martes 9 de diuciembre iniciar\u00e1 la pre inscripci\u00f3n online complementaria para estudiar en los Profesorados de nuestra ciudad para empezar a cursar en el 1\u00b0 cuatrimestre 2026. Ser\u00e1 hasta el 19 de diciembre de 2025. Retomamos la validaci\u00f3n desde el lunes 9 de febrero hasta el viernes 20 de febrero. Te contamos c\u00f3mo &#8230; <a title=\"Ingresantes 2026\" class=\"read-more\" href=\"https:\/\/ens3a-caba.infd.edu.ar\/sitio\/ingresantes-2020\/\" aria-label=\"More on Ingresantes 2026\">[+]<\/a><\/p>\n","protected":false},"author":7,"featured_media":0,"parent":0,"menu_order":0,"comment_status":"closed","ping_status":"closed","template":"","meta":[],"acf":[],"_links":{"self":[{"href":"https:\/\/ens3a-caba.infd.edu.ar\/sitio\/wp-json\/wp\/v2\/pages\/1121"}],"collection":[{"href":"https:\/\/ens3a-caba.infd.edu.ar\/sitio\/wp-json\/wp\/v2\/pages"}],"about":[{"href":"https:\/\/ens3a-caba.infd.edu.ar\/sitio\/wp-json\/wp\/v2\/types\/page"}],"author":[{"embeddable":true,"href":"https:\/\/ens3a-caba.infd.edu.ar\/sitio\/wp-json\/wp\/v2\/users\/7"}],"replies":[{"embeddable":true,"href":"https:\/\/ens3a-caba.infd.edu.ar\/sitio\/wp-json\/wp\/v2\/comments?post=1121"}],"version-history":[{"count":78,"href":"https:\/\/ens3a-caba.infd.edu.ar\/sitio\/wp-json\/wp\/v2\/pages\/1121\/revisions"}],"predecessor-version":[{"id":2340,"href":"https:\/\/ens3a-caba.infd.edu.ar\/sitio\/wp-json\/wp\/v2\/pages\/1121\/revisions\/2340"}],"wp:attachment":[{"href":"https:\/\/ens3a-caba.infd.edu.ar\/sitio\/wp-json\/wp\/v2\/media?parent=1121"}],"curies":[{"name":"wp","href":"https:\/\/api.w.org\/{rel}","templated":true}]}}