{"id":1057,"date":"2018-11-28T11:10:19","date_gmt":"2018-11-28T14:10:19","guid":{"rendered":"https:\/\/ens3a-caba.infd.edu.ar\/sitio\/?page_id=1057"},"modified":"2025-12-19T15:45:56","modified_gmt":"2025-12-19T18:45:56","slug":"publicaciones-en-la-ens-3","status":"publish","type":"page","link":"https:\/\/ens3a-caba.infd.edu.ar\/sitio\/publicaciones-en-la-ens-3\/","title":{"rendered":""},"content":{"rendered":"<h5><a href=\"https:\/\/docs.google.com\/presentation\/d\/1v87vV1fkE7y8-mXEAbjTGPVYUqmUWcMutXnupwp02gI\/edit?usp=sharing\">Cronograma de vencimientos de la regularidad de los espacios curriculares<\/a><\/h5>\n<h5><a href=\"https:\/\/guarani-autogestionfdocente.bue.edu.ar\/\">Ingresar al SIU<\/a><\/h5>\n<h5><a href=\"https:\/\/ens3a-caba.infd.edu.ar\/sitio\/wp-content\/uploads\/2022\/06\/INSTRUCTIVO-DE-INSCRIPCION-A-EXAMENES-AUTOGESTION-ESTUDIANTES.pdf\">Instructivo de inscripci\u00f3n a ex\u00e1menes &#8211; autogesti\u00f3n estudiantes<\/a><\/h5>\n<p>En los siguientes links podr\u00e1n encontrar las mesas por Sede, con los d\u00edas y horarios en los que se llevar\u00e1n adelante y con los profesores titulares de las mismas:<\/p>\n<p><a href=\"https:\/\/docs.google.com\/document\/d\/1S1tnU6gHDKVP6AZZNBldygEYGDGhCgcA\/edit?usp=sharing&amp;ouid=114805579793208639395&amp;rtpof=true&amp;sd=true\"><em>MESAS LUGANO TM<\/em><\/a><\/p>\n<p><a href=\"https:\/\/docs.google.com\/document\/d\/1RHkFskJxlR2pYaOWQatkzgz4tNjGVX8F\/edit?usp=sharing&amp;ouid=114805579793208639395&amp;rtpof=true&amp;sd=true\"><em>MESAS LUGANO TT<\/em><\/a><\/p>\n<p><a href=\"https:\/\/docs.google.com\/document\/d\/1wYSuVNQfryWLKWrLYxhuQvQQUFuI6GH9\/edit?usp=sharing&amp;ouid=114805579793208639395&amp;rtpof=true&amp;sd=true\"><em>MESAS LUGANO TV<\/em><\/a><\/p>\n\n\n<p>Antes de ingresar al SIU revisen con atenci\u00f3n la sede, d\u00eda y turno a la que desean inscribirse. <\/p>\n\n\n\n<p>Record\u00e1 que ten\u00e9s que rendir en el mismo turno y con la\/el misma\/o docente con la\/el que cursaste. Por eso, es importante guiarte por el n\u00famero de comisi\u00f3n, para que coincida la de la mesa con la de cursada.<br>En caso de que la\/el docente se haya jubilado o no se encuentre dando clases, te recomendamos acercarte a Bedel\u00eda para que te pongan en contacto con la\/el nueva\/o docente.<\/p>\n\n\n\n<p>1er. llamado: Del 18 al 24 de febrero<\/p>\n\n\n\n<p><strong><em>Las inscripciones estar\u00e1n habilitadas <\/em><\/strong><em><strong>desde <\/strong><\/em><strong><em>martes 10<\/em><\/strong><strong><em> al jueves 12 de febrero.<\/em><\/strong><\/p>\n\n\n\n<p>Recuerden que para rendir el examen final es imprescindible presentarse <strong>con la libreta de la ENS 3 y en el horario<\/strong> <strong>que comienza la mesa.<\/strong><\/p>\n\n\n\n<p><strong>Horarios de Inicio de mesas de ex\u00e1menes:<\/strong><\/p>\n\n\n\n<p>Sede Lugano:<\/p>\n\n\n\n<p>Turno Ma\u00f1ana: 8:10hs<\/p>\n\n\n\n<p>Turno Tarde: 13:00hs<\/p>\n\n\n\n<p>Turno Vespertino: 17:30hs<\/p>\n\n\n\n<p>Sede San Telmo:<\/p>\n\n\n\n<p>TV: 18:00hs<\/p>\n\n\n\n<p>IMPORTANTE: Quienes ingresan por primera vez al Sistema pueden encontrar dentro de la pesta\u00f1a SIU Guaran\u00ed, el Instructivo correspondiente para hacerlo.<\/p>\n\n\n\n<p>En el caso de ser estudiantes ingresantes, podr\u00e1n acceder al sistema con el usuario (DNI) y clave con el que realizaron la Inscripci\u00f3n a la carrera.<\/p>\n\n\n\n<p>Durante estas fechas, Bedel\u00eda no emitir\u00e1 ning\u00fan tipo de constancias hasta que finalicen los ex\u00e1menes debido a que su tarea estar\u00e1 afectada exclusivamente la atenci\u00f3n de las mesas de ex\u00e1menes finales y la elaboraci\u00f3n de las actas correspondientes.<\/p>\n","protected":false},"excerpt":{"rendered":"<p>Cronograma de vencimientos de la regularidad de los espacios curriculares Ingresar al SIU Instructivo de inscripci\u00f3n a ex\u00e1menes &#8211; autogesti\u00f3n estudiantes En los siguientes links podr\u00e1n encontrar las mesas por Sede, con los d\u00edas y horarios en los que se llevar\u00e1n adelante y con los profesores titulares de las mismas: MESAS LUGANO TM MESAS LUGANO &#8230; <a title=\"\" class=\"read-more\" href=\"https:\/\/ens3a-caba.infd.edu.ar\/sitio\/publicaciones-en-la-ens-3\/\" aria-label=\"More on \">[+]<\/a><\/p>\n","protected":false},"author":7,"featured_media":0,"parent":0,"menu_order":0,"comment_status":"closed","ping_status":"closed","template":"","meta":[],"acf":[],"_links":{"self":[{"href":"https:\/\/ens3a-caba.infd.edu.ar\/sitio\/wp-json\/wp\/v2\/pages\/1057"}],"collection":[{"href":"https:\/\/ens3a-caba.infd.edu.ar\/sitio\/wp-json\/wp\/v2\/pages"}],"about":[{"href":"https:\/\/ens3a-caba.infd.edu.ar\/sitio\/wp-json\/wp\/v2\/types\/page"}],"author":[{"embeddable":true,"href":"https:\/\/ens3a-caba.infd.edu.ar\/sitio\/wp-json\/wp\/v2\/users\/7"}],"replies":[{"embeddable":true,"href":"https:\/\/ens3a-caba.infd.edu.ar\/sitio\/wp-json\/wp\/v2\/comments?post=1057"}],"version-history":[{"count":36,"href":"https:\/\/ens3a-caba.infd.edu.ar\/sitio\/wp-json\/wp\/v2\/pages\/1057\/revisions"}],"predecessor-version":[{"id":2338,"href":"https:\/\/ens3a-caba.infd.edu.ar\/sitio\/wp-json\/wp\/v2\/pages\/1057\/revisions\/2338"}],"wp:attachment":[{"href":"https:\/\/ens3a-caba.infd.edu.ar\/sitio\/wp-json\/wp\/v2\/media?parent=1057"}],"curies":[{"name":"wp","href":"https:\/\/api.w.org\/{rel}","templated":true}]}}